{"id":1581,"date":"2020-05-08T16:50:44","date_gmt":"2020-05-08T14:50:44","guid":{"rendered":"https:\/\/advokatskakancelarijajecmenica.com\/?page_id=1581"},"modified":"2020-05-15T15:06:39","modified_gmt":"2020-05-15T13:06:39","slug":"le-droit-des-societes","status":"publish","type":"page","link":"https:\/\/advokatskakancelarijajecmenica.com\/fr\/le-droit-des-societes\/","title":{"rendered":"LE DROIT DES SOCI\u00c9T\u00c9S"},"content":{"rendered":"<p>[vc_row][vc_column][vc_column_text]<\/p>\n<p style=\"text-align: justify;\"><span style=\"font-size: 17px; color: #000000;\">Le cabinet d\u2019avocat \u00e0 Belgrade Ivan R. Je\u010dmenica est sp\u00e9cialis\u00e9 dans la mati\u00e8re de droit des soci\u00e9t\u00e9s. Le droit des soci\u00e9t\u00e9s r\u00e9gle la position juridique des soci\u00e9t\u00e9s qui se d\u00e9fine comme en groupement de personnes et biens constitu\u00e9 par un contrat. Ces groupements sont cr\u00e9es comme les personnes morale.<\/span><\/p>\n<p style=\"text-align: justify;\"><span style=\"font-size: 17px; color: #000000;\">Nous offrons aux personnes physique et soci\u00e9t\u00e9s complet assistance juridique dans la mati\u00e8re de droit des soci\u00e9t\u00e9s dont s\u2019agit des suivantes actions:<\/span><\/p>\n<ul>\n<li style=\"text-align: justify;\"><em><span style=\"font-size: 18px; color: #000000;\">Cr\u00e9ation les soci\u00e9t\u00e9s de personnes (Soci\u00e9t\u00e9 en Nom Collectif et Soci\u00e9t\u00e9 en Commandite Simple) et les soci\u00e9t\u00e9s de capitaux (Soci\u00e9t\u00e9 \u00e0 Responsabilit\u00e9 Limit\u00e9e et Soci\u00e9t\u00e9 par Action Simplifi\u00e9)<\/span><\/em><\/li>\n<li style=\"text-align: justify;\"><em><span style=\"font-size: 18px; color: #000000;\">R\u00e9daction les statuts de soci\u00e9t\u00e9<\/span><\/em><\/li>\n<li style=\"text-align: justify;\"><em><span style=\"font-size: 18px; color: #000000;\">Inscription les entreprises au Registre du commerce et des soci\u00e9t\u00e9s de Serbie<\/span><\/em><\/li>\n<li style=\"text-align: justify;\"><em><span style=\"font-size: 18px; color: #000000;\">R\u00e9daction les modifications statutaires de soci\u00e9t\u00e9 (changements des forme social, si\u00e8ge social, montant du capital social etc.)<\/span><\/em><\/li>\n<li style=\"text-align: justify;\"><em><span style=\"font-size: 18px; color: #000000;\">R\u00e9daction un contrat de transfert de part social entre associ\u00e9s et tiers<\/span><\/em><\/li>\n<li style=\"text-align: justify;\"><em><span style=\"font-size: 18px; color: #000000;\">Inscription les changements statutaires de soci\u00e9t\u00e9 (cession, transformation, acquisition et fusion) au Registre du commerce et des soci\u00e9t\u00e9s de Serbie<\/span><\/em><\/li>\n<li><em><span style=\"font-size: 18px; color: #000000;\">Dissolution de soci\u00e9t\u00e9<\/span><\/em><\/li>\n<li><span style=\"font-size: 17px; color: #000000;\"><em><span style=\"font-size: 18px;\">Toutes autres actions juridique dans la mati\u00e8re<\/span><\/em> de droit des soci\u00e9t\u00e9s<\/span><\/li>\n<\/ul>\n<p><span style=\"font-size: 17px; color: #000000;\">Pour plusieurs des informations vous pouvez lire notre blog juridique de <a href=\"https:\/\/advokatskakancelarijajecmenica.com\/fr\/creation-de-sarl-a-belgrade-cabinet-d-avocat-a-belgrade\/\"><strong><em><span style=\"color: #008000;\">cr\u00e9ation de la SARL \u00e0 Serbie<\/span><\/em><\/strong><\/a>.\u00a0<\/span><\/p>\n<p>[\/vc_column_text][\/vc_column][\/vc_row]<\/p>\n","protected":false},"excerpt":{"rendered":"<p>[vc_row][vc_column][vc_column_text] Le cabinet d\u2019avocat \u00e0 Belgrade Ivan R. Je\u010dmenica est sp\u00e9cialis\u00e9 dans la mati\u00e8re de droit des soci\u00e9t\u00e9s. Le droit des soci\u00e9t\u00e9s r\u00e9gle la position juridique des soci\u00e9t\u00e9s qui se d\u00e9fine comme en groupement de personnes et biens constitu\u00e9 par un contrat. Ces groupements sont cr\u00e9es comme les personnes morale. Nous offrons aux personnes physique [&hellip;]<\/p>\n","protected":false},"author":1,"featured_media":1585,"parent":0,"menu_order":0,"comment_status":"closed","ping_status":"closed","template":"","meta":{"footnotes":""},"class_list":["post-1581","page","type-page","status-publish","has-post-thumbnail","hentry"],"_links":{"self":[{"href":"https:\/\/advokatskakancelarijajecmenica.com\/fr\/wp-json\/wp\/v2\/pages\/1581","targetHints":{"allow":["GET"]}}],"collection":[{"href":"https:\/\/advokatskakancelarijajecmenica.com\/fr\/wp-json\/wp\/v2\/pages"}],"about":[{"href":"https:\/\/advokatskakancelarijajecmenica.com\/fr\/wp-json\/wp\/v2\/types\/page"}],"author":[{"embeddable":true,"href":"https:\/\/advokatskakancelarijajecmenica.com\/fr\/wp-json\/wp\/v2\/users\/1"}],"replies":[{"embeddable":true,"href":"https:\/\/advokatskakancelarijajecmenica.com\/fr\/wp-json\/wp\/v2\/comments?post=1581"}],"version-history":[{"count":0,"href":"https:\/\/advokatskakancelarijajecmenica.com\/fr\/wp-json\/wp\/v2\/pages\/1581\/revisions"}],"wp:featuredmedia":[{"embeddable":true,"href":"https:\/\/advokatskakancelarijajecmenica.com\/fr\/wp-json\/wp\/v2\/media\/1585"}],"wp:attachment":[{"href":"https:\/\/advokatskakancelarijajecmenica.com\/fr\/wp-json\/wp\/v2\/media?parent=1581"}],"curies":[{"name":"wp","href":"https:\/\/api.w.org\/{rel}","templated":true}]}}