{"id":1594,"date":"2020-05-08T17:03:27","date_gmt":"2020-05-08T15:03:27","guid":{"rendered":"https:\/\/advokatskakancelarijajecmenica.com\/?page_id=1594"},"modified":"2020-05-15T14:44:27","modified_gmt":"2020-05-15T12:44:27","slug":"le-droit-des-etrangers","status":"publish","type":"page","link":"https:\/\/advokatskakancelarijajecmenica.com\/fr\/le-droit-des-etrangers\/","title":{"rendered":"LE DROIT DES \u00c9TRANGERS"},"content":{"rendered":"<p>[vc_row][vc_column][vc_column_text]<\/p>\n<p style=\"text-align: justify;\"><span style=\"font-size: 17px; color: #000000;\">Le cabinet d\u2019avocat \u00e0 Belgrade Ivan R. Je\u010dmenica est sp\u00e9cialis\u00e9 dans la mati\u00e8re de droit des \u00e9trangers. Si l\u2019\u00e9tranger veut rester \u00e0 la R\u00e9publique de Serbie plus de 90 jours il doit demander le permis de s\u00e9jour temporaire. Il y a plusieurs raisons juridiques d\u2019obtenir le permis de s\u00e9jour temporaire comme fusion de famille, \u00e9mploi \u00e0 Serbie, cr\u00e9ation d\u2019enterprise \u00e0 Serbie, achats la propri\u00e9t\u00e9 \u00e0 Serbie, etc.<\/span><\/p>\n<p style=\"text-align: justify;\"><span style=\"font-size: 17px; color: #000000;\">Nous offrons aux \u00e9trangers et soci\u00e9t\u00e9s complet assistance juridique dans la mati\u00e8re de droit des \u00e9trangers dont s\u2019agit des suivantes actions:<\/span><\/p>\n<ul>\n<li style=\"text-align: justify;\"><em><span style=\"font-size: 18px; color: #000000;\">R\u00e9daction et collection tous les documents obligatoires d\u2019obtenir le permis de s\u00e9jour \u00a0temporaire \u00e0 Serbie<\/span><\/em><\/li>\n<li style=\"text-align: justify;\"><em><span style=\"font-size: 18px; color: #000000;\">Initiation le proc\u00e8s d\u2019obtenir \u00a0le permis de s\u00e9jour temporaire \u00e0 Serbie<\/span><\/em><\/li>\n<li style=\"text-align: justify;\"><em><span style=\"font-size: 18px; color: #000000;\">R\u00e9presentation les \u00e9trangers pandent une proc\u00e9dure d\u2019obtenir le permis de s\u00e9jour\u00a0 temporaire devant les autorit\u00e9s comp\u00e9tentes \u00e0 Serbie<\/span><\/em><\/li>\n<li style=\"text-align: justify;\"><em><span style=\"font-size: 18px; color: #000000;\">R\u00e9daction et collection tous les documents obligatoires d\u2019obtenir \u00a0le permis de travail \u00e0 Serbie<\/span><\/em><\/li>\n<li style=\"text-align: justify;\"><em><span style=\"font-size: 18px; color: #000000;\">Initiation le proc\u00e8s d\u2019obtenir le permis de travail \u00e0 Serbie<\/span><\/em><\/li>\n<li style=\"text-align: justify;\"><em><span style=\"font-size: 18px; color: #000000;\">R\u00e9presentation les \u00e9trangers pandent une proc\u00e9dure d\u2019obtenir le permis de travail \u00a0devant les autorit\u00e9s comp\u00e9tentes \u00e0 Serbie<\/span><\/em><\/li>\n<li style=\"text-align: justify;\"><em><span style=\"font-size: 18px; color: #000000;\">Toutes autres actions juridique dans la mati\u00e8re de droit des \u00e9trangers<\/span><\/em><\/li>\n<\/ul>\n<p>[\/vc_column_text][\/vc_column][\/vc_row]<\/p>\n","protected":false},"excerpt":{"rendered":"<p>[vc_row][vc_column][vc_column_text] Le cabinet d\u2019avocat \u00e0 Belgrade Ivan R. Je\u010dmenica est sp\u00e9cialis\u00e9 dans la mati\u00e8re de droit des \u00e9trangers. Si l\u2019\u00e9tranger veut rester \u00e0 la R\u00e9publique de Serbie plus de 90 jours il doit demander le permis de s\u00e9jour temporaire. Il y a plusieurs raisons juridiques d\u2019obtenir le permis de s\u00e9jour temporaire comme fusion de famille, [&hellip;]<\/p>\n","protected":false},"author":1,"featured_media":1589,"parent":0,"menu_order":0,"comment_status":"closed","ping_status":"closed","template":"","meta":{"footnotes":""},"class_list":["post-1594","page","type-page","status-publish","has-post-thumbnail","hentry"],"_links":{"self":[{"href":"https:\/\/advokatskakancelarijajecmenica.com\/fr\/wp-json\/wp\/v2\/pages\/1594","targetHints":{"allow":["GET"]}}],"collection":[{"href":"https:\/\/advokatskakancelarijajecmenica.com\/fr\/wp-json\/wp\/v2\/pages"}],"about":[{"href":"https:\/\/advokatskakancelarijajecmenica.com\/fr\/wp-json\/wp\/v2\/types\/page"}],"author":[{"embeddable":true,"href":"https:\/\/advokatskakancelarijajecmenica.com\/fr\/wp-json\/wp\/v2\/users\/1"}],"replies":[{"embeddable":true,"href":"https:\/\/advokatskakancelarijajecmenica.com\/fr\/wp-json\/wp\/v2\/comments?post=1594"}],"version-history":[{"count":0,"href":"https:\/\/advokatskakancelarijajecmenica.com\/fr\/wp-json\/wp\/v2\/pages\/1594\/revisions"}],"wp:featuredmedia":[{"embeddable":true,"href":"https:\/\/advokatskakancelarijajecmenica.com\/fr\/wp-json\/wp\/v2\/media\/1589"}],"wp:attachment":[{"href":"https:\/\/advokatskakancelarijajecmenica.com\/fr\/wp-json\/wp\/v2\/media?parent=1594"}],"curies":[{"name":"wp","href":"https:\/\/api.w.org\/{rel}","templated":true}]}}