{"id":1601,"date":"2020-05-08T17:07:08","date_gmt":"2020-05-08T15:07:08","guid":{"rendered":"https:\/\/advokatskakancelarijajecmenica.com\/?page_id=1601"},"modified":"2020-05-15T14:42:38","modified_gmt":"2020-05-15T12:42:38","slug":"le-droit-des-contrats","status":"publish","type":"page","link":"https:\/\/advokatskakancelarijajecmenica.com\/fr\/le-droit-des-contrats\/","title":{"rendered":"LE DROIT DES CONTRATS"},"content":{"rendered":"<p>[vc_row][vc_column][vc_column_text]<\/p>\n<p style=\"text-align: justify;\"><span style=\"font-size: 17px; color: #000000;\">Le cabinet d\u2019avocat \u00e0 Belgrade Ivan R. Je\u010dmenica est sp\u00e9cialis\u00e9 dans la mati\u00e8re de droit des contrats. Un contrat est l\u2019accord de volont\u00e9 entre deux parties qui constitue l\u2019obligation de une partie appel\u00e9e le d\u00e9betuer l\u2019accomplissement d\u2019une prestation au profit d\u2019une autre partie appel\u00e9e le cr\u00e9ancier. Si un contrat pour son validit\u00e9 doit la forme sp\u00e9ciale comme \u00e9crit ou solennit\u00e9 ce type de contrat s\u2019appele un contrat formels.<\/span><\/p>\n<p style=\"text-align: justify;\"><span style=\"font-size: 17px; color: #000000;\">Nous offrons aux personnes physique et soci\u00e9t\u00e9s complet assistance juridique dans la mati\u00e8re de droit des contrats dont s\u2019agit des suivantes actions:<\/span><\/p>\n<ul>\n<li style=\"text-align: justify;\"><em><span style=\"font-size: 18px; color: #000000;\">N\u00e9gocie et analyse les termes du contrat de bien mobilier (prix, modalit\u00e9s de paiement, obligation des parties, r\u00e9siliation etc.)<\/span><\/em><\/li>\n<li style=\"text-align: justify;\"><em><span style=\"font-size: 18px; color: #000000;\">R\u00e9daction un contrat de vente le bien mobilier<\/span><\/em><\/li>\n<li style=\"text-align: justify;\"><em><span style=\"font-size: 18px; color: #000000;\">R\u00e9daction un contrat de donation le bien mobilier<\/span><\/em><\/li>\n<li style=\"text-align: justify;\"><em><span style=\"font-size: 18px; color: #000000;\">R\u00e9daction un contrat de location le bien mobilier<\/span><\/em><\/li>\n<li style=\"text-align: justify;\"><em><span style=\"font-size: 18px; color: #000000;\">R\u00e9daction un contrat de pr\u00eat<\/span><\/em><\/li>\n<li style=\"text-align: justify;\"><em><span style=\"font-size: 18px; color: #000000;\">R\u00e9daction un contrat de service<\/span><\/em><\/li>\n<li style=\"text-align: justify;\"><em><span style=\"font-size: 18px; color: #000000;\">R\u00e9daction un contrat de coop\u00e9ration entre entreprises<\/span><\/em><\/li>\n<li style=\"text-align: justify;\"><em><span style=\"font-size: 18px; color: #000000;\">Protection l\u2019int\u00e9r\u00eat d\u2019clients en cas de non-ex\u00e9cution des obligations \u00e0u contrat (responsabilit\u00e9 contractuelle)<\/span><\/em><\/li>\n<li style=\"text-align: justify;\"><em><span style=\"font-size: 18px; color: #000000;\">Annulation et r\u00e9siliation de contrat<\/span><\/em><\/li>\n<li style=\"text-align: justify;\"><em><span style=\"font-size: 18px; color: #000000;\">Toutes autres actions juridique dans la mati\u00e8re de droit des contrats<\/span><\/em><\/li>\n<\/ul>\n<p>[\/vc_column_text][\/vc_column][\/vc_row]<\/p>\n","protected":false},"excerpt":{"rendered":"<p>[vc_row][vc_column][vc_column_text] Le cabinet d\u2019avocat \u00e0 Belgrade Ivan R. Je\u010dmenica est sp\u00e9cialis\u00e9 dans la mati\u00e8re de droit des contrats. Un contrat est l\u2019accord de volont\u00e9 entre deux parties qui constitue l\u2019obligation de une partie appel\u00e9e le d\u00e9betuer l\u2019accomplissement d\u2019une prestation au profit d\u2019une autre partie appel\u00e9e le cr\u00e9ancier. Si un contrat pour son validit\u00e9 doit la [&hellip;]<\/p>\n","protected":false},"author":1,"featured_media":1602,"parent":0,"menu_order":0,"comment_status":"closed","ping_status":"closed","template":"","meta":{"footnotes":""},"class_list":["post-1601","page","type-page","status-publish","has-post-thumbnail","hentry"],"_links":{"self":[{"href":"https:\/\/advokatskakancelarijajecmenica.com\/fr\/wp-json\/wp\/v2\/pages\/1601","targetHints":{"allow":["GET"]}}],"collection":[{"href":"https:\/\/advokatskakancelarijajecmenica.com\/fr\/wp-json\/wp\/v2\/pages"}],"about":[{"href":"https:\/\/advokatskakancelarijajecmenica.com\/fr\/wp-json\/wp\/v2\/types\/page"}],"author":[{"embeddable":true,"href":"https:\/\/advokatskakancelarijajecmenica.com\/fr\/wp-json\/wp\/v2\/users\/1"}],"replies":[{"embeddable":true,"href":"https:\/\/advokatskakancelarijajecmenica.com\/fr\/wp-json\/wp\/v2\/comments?post=1601"}],"version-history":[{"count":0,"href":"https:\/\/advokatskakancelarijajecmenica.com\/fr\/wp-json\/wp\/v2\/pages\/1601\/revisions"}],"wp:featuredmedia":[{"embeddable":true,"href":"https:\/\/advokatskakancelarijajecmenica.com\/fr\/wp-json\/wp\/v2\/media\/1602"}],"wp:attachment":[{"href":"https:\/\/advokatskakancelarijajecmenica.com\/fr\/wp-json\/wp\/v2\/media?parent=1601"}],"curies":[{"name":"wp","href":"https:\/\/api.w.org\/{rel}","templated":true}]}}